{"id":1221,"date":"2024-11-21T14:22:48","date_gmt":"2024-11-21T14:22:48","guid":{"rendered":"https:\/\/lousanjaproperties.com\/proteccion-de-datos\/"},"modified":"2025-02-13T11:40:59","modified_gmt":"2025-02-13T11:40:59","slug":"proteccion-de-datos","status":"publish","type":"page","link":"https:\/\/lousanja2.selectid.net\/it\/proteccion-de-datos\/","title":{"rendered":"PROTEZIONE DEI DATI"},"content":{"rendered":"\n<p>Lousanja, S.L. \u00e8 particolarmente sensibile alla protezione dei dati personali degli utenti dei servizi del sito web.<\/p>\n\n\n\n<p>Attraverso la presente Politica sulla Privacy (o Politica di Protezione dei Dati), Lousanja, S.L. informa gli utenti del sito web <a>www.lousanjaproperties.com<\/a> sugli usi ai quali sono sottoposti i dati personali raccolti sul sito, affinch\u00e9 possano decidere liberamente e volontariamente se fornire le informazioni richieste.<\/p>\n\n\n\n<p>Lousanja, S.L. si riserva il diritto di modificare questa Politica al fine di adattarla a nuove normative legislative, criteri giurisprudenziali, pratiche del settore o interessi dell&#8217;entit\u00e0. Pertanto, il presente Avviso Legale \u00e8 soggetto a modifiche e aggiornamenti e la versione pubblicata potrebbe variare ogni volta che l&#8217;utente vi accede. Di conseguenza, l&#8217;utente deve leggerlo ogni volta che accede.<\/p>\n\n\n\n<p>RESPONSABILE<\/p>\n\n\n\n<p>Il Responsabile del Trattamento dei dati personali \u00e8 Lousanja, S.L., con indirizzo a tali fini presso C\/ Doctor P\u00e9rez Camacho, 4 \u00b7 38006 SC de Tenerife<\/p>\n\n\n\n<p>Email: <a>lousanja@protecciondedatos.info<\/a><\/p>\n\n\n\n<p>FINALIT\u00c0 DEL TRATTAMENTO<\/p>\n\n\n\n<p>Lousanja, S.L. tratter\u00e0 i dati forniti dagli utenti al fine di gestire la richiesta effettuata dagli stessi.<\/p>\n\n\n\n<p>PRINCIPI DI APPLICAZIONE AL TRATTAMENTO DEI DATI<\/p>\n\n\n\n<p>Nel trattamento dei dati personali si applicano i seguenti principi:<\/p>\n\n\n\n<p>I dati personali devono essere trattati in modo lecito, corretto e trasparente. I dati personali devono essere raccolti per scopi determinati, espliciti e legittimi. I dati personali devono essere adeguati, pertinenti e limitati a quanto necessario in relazione al trattamento. I dati personali devono essere esatti e sempre aggiornati. I dati personali devono essere conservati in modo da permettere l&#8217;identificazione degli interessati per un periodo non superiore a quello necessario per le finalit\u00e0 del trattamento. I dati personali devono essere trattati in modo da garantirne la sicurezza.<\/p>\n\n\n\n<p>LEGITTIMAZIONE AL TRATTAMENTO DEI DATI<\/p>\n\n\n\n<p>Lousanja, S.L. \u00e8 legittimata al trattamento dei dati personali sulla base del consenso fornito dall&#8217;interessato tramite la firma o l&#8217;accettazione dei relativi moduli e\/o documenti, per una o pi\u00f9 finalit\u00e0 specifiche.<\/p>\n\n\n\n<p>COMUNICAZIONI DEI DATI &#8211; DESTINATARI<\/p>\n\n\n\n<p>Non vi sar\u00e0 cessione di dati personali a terzi, salvo obbligo legale o previa autorizzazione dell&#8217;interessato con consenso chiaro, inequivocabile ed espresso. Non vi saranno trasferimenti internazionali di dati.<\/p>\n\n\n\n<p>In ogni caso, i dati saranno comunicati o ceduti su richiesta a:<\/p>\n\n\n\n<p>Organi giurisdizionali. Amministrazione Generale dello Stato, delle Comunit\u00e0 Autonome, Enti Locali e Istituzioni pubbliche competenti, per l&#8217;esercizio di competenze simili o quando previsto dalla legge. Enti pubblici imposti da norma di legge. Qualsiasi altro soggetto previsto dalla normativa vigente.<\/p>\n\n\n\n<p>PERIODO DI CONSERVAZIONE<\/p>\n\n\n\n<p>A seconda della tipologia di dati trattati, a titolo esemplificativo e non esaustivo, i dati personali forniti saranno conservati per il periodo necessario per adempiere agli obblighi legali, salvo opposizione al trattamento o revoca del consenso:<\/p>\n\n\n\n<p>Una volta terminato il rapporto contrattuale e\/o professionale, li manterremo bloccati per i termini di prescrizione legale.<\/p>\n\n\n\n<p>ESATTEZZA DEI DATI<\/p>\n\n\n\n<p>Al fine di garantire che i dati contenuti nei nostri registri e archivi, informatici e\/o cartacei, siano sempre aggiornati, l&#8217;interessato deve comunicare qualsiasi cambiamento e\/o modifica a Lousanja, S.L..<\/p>\n\n\n\n<p>DESTINATARI<\/p>\n\n\n\n<p>I dati personali non saranno ceduti o comunicati a terzi, salvo nei casi necessari per lo sviluppo, il controllo e il raggiungimento delle finalit\u00e0 espresse, nei casi previsti dalla legge.<\/p>\n\n\n\n<p>DIRITTI DEGLI UTENTI<\/p>\n\n\n\n<p>L&#8217;interessato dei dati personali potr\u00e0 esercitare i diritti previsti dal Regolamento Generale sulla Protezione dei Dati, che sono:<\/p>\n\n\n\n<p>Diritto di Informazione: ha diritto ad essere informato in modo chiaro PRIMA che i suoi dati siano raccolti e\/o acquisiti, su quali dati verranno trattati, con quale finalit\u00e0, dove sono stati ottenuti e le possibili comunicazioni. Diritto di Accesso: per conoscere quali dati vengono trattati, con quale finalit\u00e0, dove sono stati ottenuti e le possibili comunicazioni. Diritto di Rettifica: per modificare i dati inesatti o incompleti. Diritto di Cancellazione: per eliminare dati inadeguati o eccessivi. Diritto di Opposizione: per evitare che i dati vengano trattati o per far cessare il trattamento, nei casi previsti dalla legge. Diritto di Limitazione del Trattamento: per richiedere la sospensione del trattamento nei casi previsti dalla legge. Diritto alla Portabilit\u00e0 dei Dati: per ricevere i dati forniti in un formato elettronico strutturato e di uso comune e per trasmetterli a un altro responsabile. Diritto a non essere Oggetto di Decisioni Individualizzate: per evitare che una decisione sui suoi dati, che produca effetti giuridici o incida sull&#8217;interessato, sia basata solo sul trattamento automatizzato. L&#8217;interessato potr\u00e0 esercitare tali diritti inviando una richiesta accompagnata da una fotocopia del proprio documento d&#8217;identit\u00e0, via posta all&#8217;indirizzo: C\/ Doctor P\u00e9rez Camacho, 4 \u00b7 38006 SC de Tenerife o via email a: <a>lousanja@protecciondedatos.info<\/a><\/p>\n\n\n\n<p>In caso di violazione del diritto alla protezione dei dati personali, si potr\u00e0 presentare un reclamo (Tutela dei diritti) all&#8217;Agenzia Spagnola per la Protezione dei Dati (<a>www.agpd.es<\/a>).<\/p>\n\n\n\n<p>MISURE DI SICUREZZA<\/p>\n\n\n\n<p>Infine, si informa che Lousanja, S.L. adotter\u00e0 nel suo sistema informativo le misure tecniche e organizzative adeguate, in conformit\u00e0 con il principio di responsabilit\u00e0 proattiva, al fine di garantire la sicurezza e la riservatezza dei dati archiviati, evitando la loro alterazione, perdita, trattamento o accesso non autorizzato, tenendo conto dello stato della tecnica, dei costi di applicazione, della natura, dell&#8217;ambito, del contesto e delle finalit\u00e0 del trattamento, nonch\u00e9 dei rischi di probabilit\u00e0 e gravit\u00e0 variabili associati a ciascun trattamento.<\/p>\n\n\n\n<p>ULTERIORI INFORMAZIONI SUL TRATTAMENTO DEI DATI<\/p>\n\n\n\n<p>Per qualsiasi domanda sulla presente Politica sulla Privacy, si prega di contattarci inviando un&#8217;email a <a>lousanja@protecciondedatos.info<\/a><\/p>\n\n\n\n<p>\u00c8 possibile consultare ulteriori informazioni dettagliate sulla Protezione dei Dati nella nostra pagina web: <a>http:\/\/lousanja.avisolegal.info<\/a><\/p>\n\n\n\n<p>\u00c8 possibile consultare la NORMATIVA VIGENTE SULLA PROTEZIONE DEI DATI PERSONALI su: <a>http:\/\/normativa.avisolegal.info<\/a>.<\/p>\n","protected":false},"excerpt":{"rendered":"<p>Lousanja, S.L. \u00e8 particolarmente sensibile alla protezione dei dati personali degli utenti dei servizi del sito web. Attraverso la presente [&hellip;]<\/p>\n","protected":false},"author":1,"featured_media":0,"parent":0,"menu_order":0,"comment_status":"closed","ping_status":"closed","template":"","meta":{"site-sidebar-layout":"default","site-content-layout":"","ast-site-content-layout":"default","site-content-style":"default","site-sidebar-style":"default","ast-global-header-display":"","ast-banner-title-visibility":"","ast-main-header-display":"","ast-hfb-above-header-display":"","ast-hfb-below-header-display":"","ast-hfb-mobile-header-display":"","site-post-title":"","ast-breadcrumbs-content":"","ast-featured-img":"","footer-sml-layout":"","ast-disable-related-posts":"","theme-transparent-header-meta":"disabled","adv-header-id-meta":"","stick-header-meta":"","header-above-stick-meta":"","header-main-stick-meta":"","header-below-stick-meta":"","astra-migrate-meta-layouts":"default","ast-page-background-enabled":"default","ast-page-background-meta":{"desktop":{"background-color":"var(--ast-global-color-4)","background-image":"","background-repeat":"repeat","background-position":"center center","background-size":"auto","background-attachment":"scroll","background-type":"","background-media":"","overlay-type":"","overlay-color":"","overlay-opacity":"","overlay-gradient":""},"tablet":{"background-color":"","background-image":"","background-repeat":"repeat","background-position":"center center","background-size":"auto","background-attachment":"scroll","background-type":"","background-media":"","overlay-type":"","overlay-color":"","overlay-opacity":"","overlay-gradient":""},"mobile":{"background-color":"","background-image":"","background-repeat":"repeat","background-position":"center center","background-size":"auto","background-attachment":"scroll","background-type":"","background-media":"","overlay-type":"","overlay-color":"","overlay-opacity":"","overlay-gradient":""}},"ast-content-background-meta":{"desktop":{"background-color":"var(--ast-global-color-5)","background-image":"","background-repeat":"repeat","background-position":"center center","background-size":"auto","background-attachment":"scroll","background-type":"","background-media":"","overlay-type":"","overlay-color":"","overlay-opacity":"","overlay-gradient":""},"tablet":{"background-color":"var(--ast-global-color-5)","background-image":"","background-repeat":"repeat","background-position":"center center","background-size":"auto","background-attachment":"scroll","background-type":"","background-media":"","overlay-type":"","overlay-color":"","overlay-opacity":"","overlay-gradient":""},"mobile":{"background-color":"var(--ast-global-color-5)","background-image":"","background-repeat":"repeat","background-position":"center center","background-size":"auto","background-attachment":"scroll","background-type":"","background-media":"","overlay-type":"","overlay-color":"","overlay-opacity":"","overlay-gradient":""}},"footnotes":""},"class_list":["post-1221","page","type-page","status-publish","hentry"],"_links":{"self":[{"href":"https:\/\/lousanja2.selectid.net\/it\/wp-json\/wp\/v2\/pages\/1221","targetHints":{"allow":["GET"]}}],"collection":[{"href":"https:\/\/lousanja2.selectid.net\/it\/wp-json\/wp\/v2\/pages"}],"about":[{"href":"https:\/\/lousanja2.selectid.net\/it\/wp-json\/wp\/v2\/types\/page"}],"author":[{"embeddable":true,"href":"https:\/\/lousanja2.selectid.net\/it\/wp-json\/wp\/v2\/users\/1"}],"replies":[{"embeddable":true,"href":"https:\/\/lousanja2.selectid.net\/it\/wp-json\/wp\/v2\/comments?post=1221"}],"version-history":[{"count":1,"href":"https:\/\/lousanja2.selectid.net\/it\/wp-json\/wp\/v2\/pages\/1221\/revisions"}],"predecessor-version":[{"id":1226,"href":"https:\/\/lousanja2.selectid.net\/it\/wp-json\/wp\/v2\/pages\/1221\/revisions\/1226"}],"wp:attachment":[{"href":"https:\/\/lousanja2.selectid.net\/it\/wp-json\/wp\/v2\/media?parent=1221"}],"curies":[{"name":"wp","href":"https:\/\/api.w.org\/{rel}","templated":true}]}}