{"id":1220,"date":"2024-11-21T14:22:48","date_gmt":"2024-11-21T14:22:48","guid":{"rendered":"https:\/\/lousanjaproperties.com\/proteccion-de-datos\/"},"modified":"2025-02-13T11:37:43","modified_gmt":"2025-02-13T11:37:43","slug":"proteccion-de-datos","status":"publish","type":"page","link":"https:\/\/lousanja2.selectid.net\/fr\/proteccion-de-datos\/","title":{"rendered":"PROTECTION DES DONN\u00c9ES"},"content":{"rendered":"\n<p><strong>Lousanja, S.L. est particuli\u00e8rement sensibilis\u00e9(e) \u00e0 la protection des donn\u00e9es \u00e0 caract\u00e8re personnel des utilisateurs\/trices des services du site Web.<\/strong><\/p>\n\n\n\n<p>Par la pr\u00e9sente Politique de Confidentialit\u00e9 (ou Politique de Protection des Donn\u00e9es), Lousanja, S.L. informe les utilisateurs\/trices du site web <a><strong>www.lousanjaproperties.com<\/strong><\/a> sur l&rsquo;utilisation qui sera faite des donn\u00e9es personnelles collect\u00e9es sur le site Web, afin qu&rsquo;ils\/elles puissent d\u00e9cider librement et volontairement s&rsquo;ils\/elles souhaitent fournir les informations demand\u00e9es.<\/p>\n\n\n\n<p>Lousanja, S.L. se r\u00e9serve le droit de modifier cette Politique afin de l&rsquo;adapter aux nouveaut\u00e9s l\u00e9gislatives, aux crit\u00e8res jurisprudentiels, aux pratiques du secteur ou aux int\u00e9r\u00eats de l&rsquo;entit\u00e9. Par cons\u00e9quent, cet Avis L\u00e9gal est sujet \u00e0 des modifications et mises \u00e0 jour, de sorte que la version publi\u00e9e peut \u00eatre diff\u00e9rente \u00e0 chaque acc\u00e8s de l&rsquo;utilisateur\/trice. Par cons\u00e9quent, l&rsquo;utilisateur\/trice doit le lire \u00e0 chaque fois qu&rsquo;il\/elle acc\u00e8de au site.<\/p>\n\n\n\n<h3 class=\"wp-block-heading\">RESPONSABLE DU TRAITEMENT<\/h3>\n\n\n\n<p>Le Responsable du Traitement des donn\u00e9es personnelles est <strong>Lousanja, S.L.<\/strong>, avec adresse \u00e0 cet effet \u00e0 : <strong>C\/ Doctor P\u00e9rez Camacho, 4 \u00b7 38006 SC de Tenerife<\/strong><\/p>\n\n\n\n<p><strong>Email :<\/strong> <a>lousanja@protecciondedatos.info<\/a><\/p>\n\n\n\n<h3 class=\"wp-block-heading\">FINALIT\u00c9 DU TRAITEMENT<\/h3>\n\n\n\n<p>Lousanja, S.L. traitera les donn\u00e9es fournies par les utilisateurs\/trices afin de g\u00e9rer la demande effectu\u00e9e par ces derniers.<\/p>\n\n\n\n<h3 class=\"wp-block-heading\">PRINCIPES APPLICABLES AU TRAITEMENT DES DONN\u00c9ES<\/h3>\n\n\n\n<p>Les principes suivants seront appliqu\u00e9s lors du traitement des donn\u00e9es personnelles :<\/p>\n\n\n\n<ul class=\"wp-block-list\">\n<li>Les donn\u00e9es personnelles doivent \u00eatre trait\u00e9es de mani\u00e8re licite, loyale et transparente.<\/li>\n\n\n\n<li>Les donn\u00e9es personnelles doivent \u00eatre collect\u00e9es pour des finalit\u00e9s d\u00e9termin\u00e9es, explicites et l\u00e9gitimes.<\/li>\n\n\n\n<li>Les donn\u00e9es personnelles doivent \u00eatre ad\u00e9quates, pertinentes et limit\u00e9es \u00e0 ce qui est n\u00e9cessaire au regard du traitement.<\/li>\n\n\n\n<li>Les donn\u00e9es personnelles doivent \u00eatre exactes et tenues \u00e0 jour.<\/li>\n\n\n\n<li>Les donn\u00e9es personnelles doivent \u00eatre conserv\u00e9es sous une forme permettant l&rsquo;identification des personnes concern\u00e9es pendant une dur\u00e9e n&rsquo;exc\u00e9dant pas celle n\u00e9cessaire aux finalit\u00e9s du traitement.<\/li>\n\n\n\n<li>Les donn\u00e9es personnelles doivent \u00eatre trait\u00e9es de mani\u00e8re \u00e0 garantir leur s\u00e9curit\u00e9.<\/li>\n<\/ul>\n\n\n\n<h3 class=\"wp-block-heading\">L\u00c9GITIMIT\u00c9 DU TRAITEMENT DES DONN\u00c9ES<\/h3>\n\n\n\n<p>Lousanja, S.L. est autoris\u00e9 \u00e0 traiter les donn\u00e9es personnelles sur la base du consentement donn\u00e9 par la personne concern\u00e9e par la signature ou l&rsquo;acceptation des formulaires et\/ou documents pertinents, pour une ou plusieurs finalit\u00e9s sp\u00e9cifiques.<\/p>\n\n\n\n<h3 class=\"wp-block-heading\">COMMUNICATION DES DONN\u00c9ES &#8211; DESTINATAIRES<\/h3>\n\n\n\n<p>Aucune donn\u00e9e personnelle ne sera c\u00e9d\u00e9e \u00e0 des tiers, sauf obligation l\u00e9gale ou autorisation pr\u00e9alable expresse et sans \u00e9quivoque de la personne concern\u00e9e. Aucune donn\u00e9e ne fera l&rsquo;objet de transferts internationaux.<\/p>\n\n\n\n<p>Toutefois, les donn\u00e9es pourront \u00eatre communiqu\u00e9es, sur demande, aux entit\u00e9s suivantes :<\/p>\n\n\n\n<ul class=\"wp-block-list\">\n<li>Autorit\u00e9s judiciaires.<\/li>\n\n\n\n<li>Administration G\u00e9n\u00e9rale de l&rsquo;\u00c9tat, des Communaut\u00e9s Autonomes, Administration Locale et Institutions publiques comp\u00e9tentes.<\/li>\n\n\n\n<li>Entit\u00e9s publiques lorsque requis par la loi.<\/li>\n\n\n\n<li>Toute autre entit\u00e9 en vertu de la r\u00e9glementation en vigueur.<\/li>\n<\/ul>\n\n\n\n<h3 class=\"wp-block-heading\">DUR\u00c9E DE CONSERVATION<\/h3>\n\n\n\n<p>Les donn\u00e9es personnelles fournies seront conserv\u00e9es pour la dur\u00e9e n\u00e9cessaire afin de remplir les obligations l\u00e9gales, \u00e0 moins que la personne concern\u00e9e ne s&rsquo;oppose au traitement ou ne r\u00e9voque son consentement.<\/p>\n\n\n\n<h3 class=\"wp-block-heading\">PR\u00c9CISION DES DONN\u00c9ES<\/h3>\n\n\n\n<p>Pour maintenir des donn\u00e9es exactes, la personne concern\u00e9e doit informer Lousanja, S.L. de toute modification ou mise \u00e0 jour de ses informations.<\/p>\n\n\n\n<h3 class=\"wp-block-heading\">DROITS DES UTILISATEURS<\/h3>\n\n\n\n<p>La personne concern\u00e9e peut exercer ses droits conform\u00e9ment au R\u00e8glement G\u00e9n\u00e9ral sur la Protection des Donn\u00e9es (RGPD) :<\/p>\n\n\n\n<ul class=\"wp-block-list\">\n<li><strong>Droit d&rsquo;Information<\/strong> : droit d&rsquo;\u00eatre inform\u00e9(e) avant la collecte de ses donn\u00e9es.<\/li>\n\n\n\n<li><strong>Droit d&rsquo;Acc\u00e8s<\/strong> : droit de savoir quelles donn\u00e9es sont trait\u00e9es et \u00e0 quelles fins.<\/li>\n\n\n\n<li><strong>Droit de Rectification<\/strong> : droit de modifier des donn\u00e9es inexactes ou incompl\u00e8tes.<\/li>\n\n\n\n<li><strong>Droit \u00e0 l&rsquo;Effacement<\/strong> : droit de supprimer des donn\u00e9es inad\u00e9quates ou excessives.<\/li>\n\n\n\n<li><strong>Droit d&rsquo;Opposition<\/strong> : droit d&#8217;emp\u00eacher ou de mettre fin au traitement des donn\u00e9es dans certains cas.<\/li>\n\n\n\n<li><strong>Droit \u00e0 la Limitation du Traitement<\/strong> : droit de suspendre le traitement dans certaines conditions.<\/li>\n\n\n\n<li><strong>Droit \u00e0 la Portabilit\u00e9 des Donn\u00e9es<\/strong> : droit de recevoir ses donn\u00e9es dans un format \u00e9lectronique et de les transmettre \u00e0 un autre responsable.<\/li>\n\n\n\n<li><strong>Droit de ne pas faire l&rsquo;objet de d\u00e9cisions automatis\u00e9es<\/strong>.<\/li>\n<\/ul>\n\n\n\n<p>Pour exercer ces droits, une demande accompagn\u00e9e d&rsquo;une copie de la carte d&rsquo;identit\u00e9 doit \u00eatre envoy\u00e9e par courrier postal \u00e0 <strong>C\/ Doctor P\u00e9rez Camacho, 4 \u00b7 38006 SC de Tenerife<\/strong> ou par e-mail \u00e0 <a><strong>lousanja@protecciondedatos.info<\/strong><\/a>.<\/p>\n\n\n\n<p>Si vous estimez que vos droits ont \u00e9t\u00e9 viol\u00e9s, vous pouvez d\u00e9poser une plainte aupr\u00e8s de l&rsquo;Agence Espagnole de Protection des Donn\u00e9es (<a><strong>www.agpd.es<\/strong><\/a>).<\/p>\n","protected":false},"excerpt":{"rendered":"<p>Lousanja, S.L. est particuli\u00e8rement sensibilis\u00e9(e) \u00e0 la protection des donn\u00e9es \u00e0 caract\u00e8re personnel des utilisateurs\/trices des services du site Web. [&hellip;]<\/p>\n","protected":false},"author":1,"featured_media":0,"parent":0,"menu_order":0,"comment_status":"closed","ping_status":"closed","template":"","meta":{"site-sidebar-layout":"default","site-content-layout":"","ast-site-content-layout":"default","site-content-style":"default","site-sidebar-style":"default","ast-global-header-display":"","ast-banner-title-visibility":"","ast-main-header-display":"","ast-hfb-above-header-display":"","ast-hfb-below-header-display":"","ast-hfb-mobile-header-display":"","site-post-title":"","ast-breadcrumbs-content":"","ast-featured-img":"","footer-sml-layout":"","ast-disable-related-posts":"","theme-transparent-header-meta":"disabled","adv-header-id-meta":"","stick-header-meta":"","header-above-stick-meta":"","header-main-stick-meta":"","header-below-stick-meta":"","astra-migrate-meta-layouts":"default","ast-page-background-enabled":"default","ast-page-background-meta":{"desktop":{"background-color":"var(--ast-global-color-4)","background-image":"","background-repeat":"repeat","background-position":"center center","background-size":"auto","background-attachment":"scroll","background-type":"","background-media":"","overlay-type":"","overlay-color":"","overlay-opacity":"","overlay-gradient":""},"tablet":{"background-color":"","background-image":"","background-repeat":"repeat","background-position":"center center","background-size":"auto","background-attachment":"scroll","background-type":"","background-media":"","overlay-type":"","overlay-color":"","overlay-opacity":"","overlay-gradient":""},"mobile":{"background-color":"","background-image":"","background-repeat":"repeat","background-position":"center center","background-size":"auto","background-attachment":"scroll","background-type":"","background-media":"","overlay-type":"","overlay-color":"","overlay-opacity":"","overlay-gradient":""}},"ast-content-background-meta":{"desktop":{"background-color":"var(--ast-global-color-5)","background-image":"","background-repeat":"repeat","background-position":"center center","background-size":"auto","background-attachment":"scroll","background-type":"","background-media":"","overlay-type":"","overlay-color":"","overlay-opacity":"","overlay-gradient":""},"tablet":{"background-color":"var(--ast-global-color-5)","background-image":"","background-repeat":"repeat","background-position":"center center","background-size":"auto","background-attachment":"scroll","background-type":"","background-media":"","overlay-type":"","overlay-color":"","overlay-opacity":"","overlay-gradient":""},"mobile":{"background-color":"var(--ast-global-color-5)","background-image":"","background-repeat":"repeat","background-position":"center center","background-size":"auto","background-attachment":"scroll","background-type":"","background-media":"","overlay-type":"","overlay-color":"","overlay-opacity":"","overlay-gradient":""}},"footnotes":""},"class_list":["post-1220","page","type-page","status-publish","hentry"],"_links":{"self":[{"href":"https:\/\/lousanja2.selectid.net\/fr\/wp-json\/wp\/v2\/pages\/1220","targetHints":{"allow":["GET"]}}],"collection":[{"href":"https:\/\/lousanja2.selectid.net\/fr\/wp-json\/wp\/v2\/pages"}],"about":[{"href":"https:\/\/lousanja2.selectid.net\/fr\/wp-json\/wp\/v2\/types\/page"}],"author":[{"embeddable":true,"href":"https:\/\/lousanja2.selectid.net\/fr\/wp-json\/wp\/v2\/users\/1"}],"replies":[{"embeddable":true,"href":"https:\/\/lousanja2.selectid.net\/fr\/wp-json\/wp\/v2\/comments?post=1220"}],"version-history":[{"count":1,"href":"https:\/\/lousanja2.selectid.net\/fr\/wp-json\/wp\/v2\/pages\/1220\/revisions"}],"predecessor-version":[{"id":1224,"href":"https:\/\/lousanja2.selectid.net\/fr\/wp-json\/wp\/v2\/pages\/1220\/revisions\/1224"}],"wp:attachment":[{"href":"https:\/\/lousanja2.selectid.net\/fr\/wp-json\/wp\/v2\/media?parent=1220"}],"curies":[{"name":"wp","href":"https:\/\/api.w.org\/{rel}","templated":true}]}}