{"id":572,"date":"2024-10-09T12:48:20","date_gmt":"2024-10-09T12:48:20","guid":{"rendered":"https:\/\/lousanjaproperties.com\/lousanja-properties\/"},"modified":"2025-04-23T06:00:50","modified_gmt":"2025-04-23T06:00:50","slug":"lousanja-properties","status":"publish","type":"page","link":"https:\/\/lousanja2.selectid.net\/de\/","title":{"rendered":"Lousanja Properties"},"content":{"rendered":"\t\t<div data-elementor-type=\"wp-page\" data-elementor-id=\"572\" class=\"elementor elementor-572 elementor-31\">\n\t\t\t\t<div class=\"elementor-element elementor-element-5f71340 e-con-full e-flex e-con e-parent\" data-id=\"5f71340\" data-element_type=\"container\" data-e-type=\"container\" data-settings=\"{&quot;background_background&quot;:&quot;slideshow&quot;,&quot;background_slideshow_gallery&quot;:[{&quot;id&quot;:75,&quot;url&quot;:&quot;https:\\\/\\\/lousanja2.selectid.net\\\/wp-content\\\/uploads\\\/2024\\\/10\\\/thumbnail_1_Photo-1.webp&quot;},{&quot;id&quot;:76,&quot;url&quot;:&quot;https:\\\/\\\/lousanja2.selectid.net\\\/wp-content\\\/uploads\\\/2024\\\/10\\\/thumbnail_1_Photo-2.webp&quot;},{&quot;id&quot;:77,&quot;url&quot;:&quot;https:\\\/\\\/lousanja2.selectid.net\\\/wp-content\\\/uploads\\\/2024\\\/10\\\/thumbnail_1_Photo-6.webp&quot;},{&quot;id&quot;:78,&quot;url&quot;:&quot;https:\\\/\\\/lousanja2.selectid.net\\\/wp-content\\\/uploads\\\/2024\\\/10\\\/thumbnail_1_Photo-7.webp&quot;},{&quot;id&quot;:79,&quot;url&quot;:&quot;https:\\\/\\\/lousanja2.selectid.net\\\/wp-content\\\/uploads\\\/2024\\\/10\\\/thumbnail_1_Photo-8.webp&quot;},{&quot;id&quot;:80,&quot;url&quot;:&quot;https:\\\/\\\/lousanja2.selectid.net\\\/wp-content\\\/uploads\\\/2024\\\/10\\\/thumbnail_1_Photo-9.webp&quot;},{&quot;id&quot;:81,&quot;url&quot;:&quot;https:\\\/\\\/lousanja2.selectid.net\\\/wp-content\\\/uploads\\\/2024\\\/10\\\/thumbnail_1_Photo-10.webp&quot;}],&quot;background_slideshow_loop&quot;:&quot;yes&quot;,&quot;background_slideshow_slide_duration&quot;:5000,&quot;background_slideshow_slide_transition&quot;:&quot;fade&quot;,&quot;background_slideshow_transition_duration&quot;:500}\">\n\t\t\t\t<\/div>\n\t\t<div class=\"elementor-element elementor-element-48a7540 e-con-full e-flex e-con e-parent\" data-id=\"48a7540\" data-element_type=\"container\" data-e-type=\"container\" data-settings=\"{&quot;background_background&quot;:&quot;classic&quot;}\">\n\t\t<div class=\"elementor-element elementor-element-75f0690 e-con-full e-flex e-con e-child\" data-id=\"75f0690\" data-element_type=\"container\" data-e-type=\"container\">\n\t\t\t\t<div class=\"elementor-element elementor-element-aa343c1 elementor-widget elementor-widget-heading\" data-id=\"aa343c1\" data-element_type=\"widget\" data-e-type=\"widget\" data-widget_type=\"heading.default\">\n\t\t\t\t<div class=\"elementor-widget-container\">\n\t\t\t\t\t<h2 class=\"elementor-heading-title elementor-size-default\">Emotionen, Licht und Raum<\/h2>\t\t\t\t<\/div>\n\t\t\t\t<\/div>\n\t\t\t\t<div class=\"elementor-element elementor-element-e561b41 elementor-widget elementor-widget-heading\" data-id=\"e561b41\" data-element_type=\"widget\" data-e-type=\"widget\" data-widget_type=\"heading.default\">\n\t\t\t\t<div class=\"elementor-widget-container\">\n\t\t\t\t\t<h2 class=\"elementor-heading-title elementor-size-default\">mit Blick auf den Horizont<\/h2>\t\t\t\t<\/div>\n\t\t\t\t<\/div>\n\t\t\t\t<\/div>\n\t\t<div class=\"elementor-element elementor-element-6411f8b e-con-full e-flex e-con e-child\" data-id=\"6411f8b\" data-element_type=\"container\" data-e-type=\"container\">\n\t\t\t\t<div class=\"elementor-element elementor-element-e7fb17e elementor-widget elementor-widget-text-editor\" data-id=\"e7fb17e\" data-element_type=\"widget\" data-e-type=\"widget\" data-widget_type=\"text-editor.default\">\n\t\t\t\t<div class=\"elementor-widget-container\">\n\t\t\t\t\t\t\t\t\t<p>Wir sind ein Immobilienunternehmen mit Sitz in Santa Cruz de Tenerife, das sich auf die F\u00f6rderung, die Entwicklung und den Verkauf von Immobilien auf den Kanarischen Inseln spezialisiert hat. Wir bieten eine breite Palette von Immobilien, die Ihren Bed\u00fcrfnissen entsprechen, ob Sie nun eine Wohnung im Stadtzentrum oder eine Luxusvilla mit Blick auf den Atlantik suchen. <\/p>\n\t\t\t\t\t\t\t\t<\/div>\n\t\t\t\t<\/div>\n\t\t\t\t<\/div>\n\t\t\t\t<\/div>\n\t\t<div class=\"elementor-element elementor-element-f7a516a e-con-full e-flex e-con e-parent\" data-id=\"f7a516a\" data-element_type=\"container\" data-e-type=\"container\" data-settings=\"{&quot;background_background&quot;:&quot;classic&quot;}\">\n\t\t\t\t<\/div>\n\t\t<div class=\"elementor-element elementor-element-09b7e8f e-con-full e-flex e-con e-parent\" data-id=\"09b7e8f\" data-element_type=\"container\" data-e-type=\"container\" data-settings=\"{&quot;background_background&quot;:&quot;classic&quot;}\">\n\t\t<div class=\"elementor-element elementor-element-731f36a e-con-full e-flex e-con e-child\" data-id=\"731f36a\" data-element_type=\"container\" data-e-type=\"container\">\n\t\t\t\t<div class=\"elementor-element elementor-element-70cb681 elementor-widget elementor-widget-heading\" data-id=\"70cb681\" data-element_type=\"widget\" data-e-type=\"widget\" data-widget_type=\"heading.default\">\n\t\t\t\t<div class=\"elementor-widget-container\">\n\t\t\t\t\t<h2 class=\"elementor-heading-title elementor-size-default\">Entdecken Sie unser<\/h2>\t\t\t\t<\/div>\n\t\t\t\t<\/div>\n\t\t\t\t<div class=\"elementor-element elementor-element-14f4422 elementor-widget elementor-widget-heading\" data-id=\"14f4422\" data-element_type=\"widget\" data-e-type=\"widget\" data-widget_type=\"heading.default\">\n\t\t\t\t<div class=\"elementor-widget-container\">\n\t\t\t\t\t<h2 class=\"elementor-heading-title elementor-size-default\">Luxuri\u00f6se Villen<\/h2>\t\t\t\t<\/div>\n\t\t\t\t<\/div>\n\t\t\t\t<div class=\"elementor-element elementor-element-5b0b930 elementor-align-center elementor-widget elementor-widget-button\" data-id=\"5b0b930\" data-element_type=\"widget\" data-e-type=\"widget\" data-widget_type=\"button.default\">\n\t\t\t\t<div class=\"elementor-widget-container\">\n\t\t\t\t\t\t\t\t\t<div class=\"elementor-button-wrapper\">\n\t\t\t\t\t<a class=\"elementor-button elementor-button-link elementor-size-sm elementor-animation-grow\" href=\"https:\/\/lousanja2.selectid.net\/aurum-golf-villas\/\">\n\t\t\t\t\t\t<span class=\"elementor-button-content-wrapper\">\n\t\t\t\t\t\t\t\t\t<span class=\"elementor-button-text\">Weitere Informationen<\/span>\n\t\t\t\t\t<\/span>\n\t\t\t\t\t<\/a>\n\t\t\t\t<\/div>\n\t\t\t\t\t\t\t\t<\/div>\n\t\t\t\t<\/div>\n\t\t\t\t<\/div>\n\t\t<div class=\"elementor-element elementor-element-67974e0 e-con-full e-flex e-con e-child\" data-id=\"67974e0\" data-element_type=\"container\" data-e-type=\"container\">\n\t\t\t\t<div class=\"elementor-element elementor-element-d826775 elementor-widget elementor-widget-text-editor\" data-id=\"d826775\" data-element_type=\"widget\" data-e-type=\"widget\" data-widget_type=\"text-editor.default\">\n\t\t\t\t<div class=\"elementor-widget-container\">\n\t\t\t\t\t\t\t\t\t<p>Unsere Luxusvillen auf Teneriffa bieten Ihnen viel mehr als eine Immobilie, sie bieten Ihnen einen einzigartigen Lebensstil. Mit exquisiten Details entworfen und in privilegierten Gegenden der Insel gelegen, verbinden diese Residenzen Modernit\u00e4t mit der Gelassenheit der kanarischen Natur. <\/p>\n<p>Stellen Sie sich vor, Sie wachen mit einem Panoramablick auf den Atlantischen Ozean auf, sind von privaten G\u00e4rten umgeben und genie\u00dfen das nat\u00fcrliche Licht, das jeden Winkel durchflutet. Jede Villa wurde so konzipiert, dass sie ein H\u00f6chstma\u00df an Komfort, Eleganz und Privatsph\u00e4re bietet, mit ger\u00e4umigen Innenr\u00e4umen, Infinity-Pools und hochwertigen Ausstattungen. <\/p>\n\t\t\t\t\t\t\t\t<\/div>\n\t\t\t\t<\/div>\n\t\t\t\t<\/div>\n\t\t\t\t<\/div>\n\t\t<div class=\"elementor-element elementor-element-4acbbfba e-con-full e-flex e-con e-parent\" data-id=\"4acbbfba\" data-element_type=\"container\" data-e-type=\"container\" id=\"contact-footer\">\n\t\t<div class=\"elementor-element elementor-element-30b7c814 e-con-full e-flex e-con e-child\" data-id=\"30b7c814\" data-element_type=\"container\" data-e-type=\"container\">\n\t\t\t\t<div class=\"elementor-element elementor-element-4f5e543e elementor-position-top elementor-widget elementor-widget-image-box\" data-id=\"4f5e543e\" data-element_type=\"widget\" data-e-type=\"widget\" data-widget_type=\"image-box.default\">\n\t\t\t\t<div class=\"elementor-widget-container\">\n\t\t\t\t\t<div class=\"elementor-image-box-wrapper\"><figure class=\"elementor-image-box-img\"><a href=\"tel:+34636201102\" tabindex=\"-1\"><img fetchpriority=\"high\" decoding=\"async\" width=\"512\" height=\"512\" src=\"https:\/\/lousanja2.selectid.net\/wp-content\/uploads\/2024\/10\/phone-call.webp\" class=\"attachment-full size-full wp-image-581\" alt=\"\" srcset=\"https:\/\/lousanja2.selectid.net\/wp-content\/uploads\/2024\/10\/phone-call.webp 512w, https:\/\/lousanja2.selectid.net\/wp-content\/uploads\/2024\/10\/phone-call-300x300.webp 300w, https:\/\/lousanja2.selectid.net\/wp-content\/uploads\/2024\/10\/phone-call-150x150.webp 150w\" sizes=\"(max-width: 512px) 100vw, 512px\" \/><\/a><\/figure><div class=\"elementor-image-box-content\"><h3 class=\"elementor-image-box-title\"><a href=\"tel:+34636201102\">Einen Termin anfragen<\/a><\/h3><\/div><\/div>\t\t\t\t<\/div>\n\t\t\t\t<\/div>\n\t\t\t\t<\/div>\n\t\t<div class=\"elementor-element elementor-element-684ed8b6 e-con-full e-flex e-con e-child\" data-id=\"684ed8b6\" data-element_type=\"container\" data-e-type=\"container\">\n\t\t\t\t<div class=\"elementor-element elementor-element-4cb1ba7d elementor-position-top elementor-widget elementor-widget-image-box\" data-id=\"4cb1ba7d\" data-element_type=\"widget\" data-e-type=\"widget\" data-widget_type=\"image-box.default\">\n\t\t\t\t<div class=\"elementor-widget-container\">\n\t\t\t\t\t<div class=\"elementor-image-box-wrapper\"><figure class=\"elementor-image-box-img\"><a href=\"mailto:info@lousanjaproperties.com\" tabindex=\"-1\"><img decoding=\"async\" width=\"512\" height=\"512\" src=\"https:\/\/lousanja2.selectid.net\/wp-content\/uploads\/2024\/10\/email.webp\" class=\"attachment-full size-full wp-image-580\" alt=\"\" srcset=\"https:\/\/lousanja2.selectid.net\/wp-content\/uploads\/2024\/10\/email.webp 512w, https:\/\/lousanja2.selectid.net\/wp-content\/uploads\/2024\/10\/email-300x300.webp 300w, https:\/\/lousanja2.selectid.net\/wp-content\/uploads\/2024\/10\/email-150x150.webp 150w\" sizes=\"(max-width: 512px) 100vw, 512px\" \/><\/a><\/figure><div class=\"elementor-image-box-content\"><h3 class=\"elementor-image-box-title\"><a href=\"mailto:info@lousanjaproperties.com\">Schicken Sie uns eine E-Mail<\/a><\/h3><\/div><\/div>\t\t\t\t<\/div>\n\t\t\t\t<\/div>\n\t\t\t\t<\/div>\n\t\t<div class=\"elementor-element elementor-element-36a4194f e-con-full e-flex e-con e-child\" data-id=\"36a4194f\" data-element_type=\"container\" data-e-type=\"container\">\n\t\t\t\t<div class=\"elementor-element elementor-element-64feabc2 elementor-position-top elementor-widget elementor-widget-image-box\" data-id=\"64feabc2\" data-element_type=\"widget\" data-e-type=\"widget\" data-widget_type=\"image-box.default\">\n\t\t\t\t<div class=\"elementor-widget-container\">\n\t\t\t\t\t<div class=\"elementor-image-box-wrapper\"><figure class=\"elementor-image-box-img\"><a href=\"https:\/\/wa.me\/34636201102\" tabindex=\"-1\"><img decoding=\"async\" width=\"512\" height=\"512\" src=\"https:\/\/lousanja2.selectid.net\/wp-content\/uploads\/2024\/10\/whatsapp.webp\" class=\"attachment-full size-full wp-image-583\" alt=\"\" srcset=\"https:\/\/lousanja2.selectid.net\/wp-content\/uploads\/2024\/10\/whatsapp.webp 512w, https:\/\/lousanja2.selectid.net\/wp-content\/uploads\/2024\/10\/whatsapp-300x300.webp 300w, https:\/\/lousanja2.selectid.net\/wp-content\/uploads\/2024\/10\/whatsapp-150x150.webp 150w\" sizes=\"(max-width: 512px) 100vw, 512px\" \/><\/a><\/figure><div class=\"elementor-image-box-content\"><h3 class=\"elementor-image-box-title\"><a href=\"https:\/\/wa.me\/34636201102\">WhatsApp<\/a><\/h3><\/div><\/div>\t\t\t\t<\/div>\n\t\t\t\t<\/div>\n\t\t\t\t<\/div>\n\t\t<div class=\"elementor-element elementor-element-173ac1de e-con-full e-flex e-con e-child\" data-id=\"173ac1de\" data-element_type=\"container\" data-e-type=\"container\">\n\t\t\t\t<div class=\"elementor-element elementor-element-28e19dec elementor-position-top elementor-widget elementor-widget-image-box\" data-id=\"28e19dec\" data-element_type=\"widget\" data-e-type=\"widget\" data-widget_type=\"image-box.default\">\n\t\t\t\t<div class=\"elementor-widget-container\">\n\t\t\t\t\t<div class=\"elementor-image-box-wrapper\"><figure class=\"elementor-image-box-img\"><a href=\"https:\/\/drive.usercontent.google.com\/u\/0\/uc?id=1hG22Rl1pfstn8Ko5xv-UVgLIpvkPo__C&#038;export=download\" tabindex=\"-1\"><img loading=\"lazy\" decoding=\"async\" width=\"512\" height=\"512\" src=\"https:\/\/lousanja2.selectid.net\/wp-content\/uploads\/2024\/10\/business-cards.webp\" class=\"attachment-full size-full wp-image-579\" alt=\"\" srcset=\"https:\/\/lousanja2.selectid.net\/wp-content\/uploads\/2024\/10\/business-cards.webp 512w, https:\/\/lousanja2.selectid.net\/wp-content\/uploads\/2024\/10\/business-cards-300x300.webp 300w, https:\/\/lousanja2.selectid.net\/wp-content\/uploads\/2024\/10\/business-cards-150x150.webp 150w\" sizes=\"(max-width: 512px) 100vw, 512px\" \/><\/a><\/figure><div class=\"elementor-image-box-content\"><h3 class=\"elementor-image-box-title\"><a href=\"https:\/\/drive.usercontent.google.com\/u\/0\/uc?id=1hG22Rl1pfstn8Ko5xv-UVgLIpvkPo__C&#038;export=download\">Unsere SelectID\u00ae hinzuf\u00fcgen<\/a><\/h3><\/div><\/div>\t\t\t\t<\/div>\n\t\t\t\t<\/div>\n\t\t\t\t<\/div>\n\t\t<div class=\"elementor-element elementor-element-568abcb1 e-con-full elementor-hidden-mobile e-flex e-con e-child\" data-id=\"568abcb1\" data-element_type=\"container\" data-e-type=\"container\">\n\t\t\t\t<div class=\"elementor-element elementor-element-6eedb619 elementor-position-top elementor-widget elementor-widget-image-box\" data-id=\"6eedb619\" data-element_type=\"widget\" data-e-type=\"widget\" data-widget_type=\"image-box.default\">\n\t\t\t\t<div class=\"elementor-widget-container\">\n\t\t\t\t\t<div class=\"elementor-image-box-wrapper\"><figure class=\"elementor-image-box-img\"><a href=\"#footerlocation\" tabindex=\"-1\"><img loading=\"lazy\" decoding=\"async\" width=\"512\" height=\"512\" src=\"https:\/\/lousanja2.selectid.net\/wp-content\/uploads\/2024\/10\/location.webp\" class=\"attachment-full size-full wp-image-861\" alt=\"\" srcset=\"https:\/\/lousanja2.selectid.net\/wp-content\/uploads\/2024\/10\/location.webp 512w, https:\/\/lousanja2.selectid.net\/wp-content\/uploads\/2024\/10\/location-300x300.webp 300w, https:\/\/lousanja2.selectid.net\/wp-content\/uploads\/2024\/10\/location-150x150.webp 150w\" sizes=\"(max-width: 512px) 100vw, 512px\" \/><\/a><\/figure><div class=\"elementor-image-box-content\"><h3 class=\"elementor-image-box-title\"><a href=\"#footerlocation\">Standort<\/a><\/h3><\/div><\/div>\t\t\t\t<\/div>\n\t\t\t\t<\/div>\n\t\t\t\t<\/div>\n\t\t\t\t<\/div>\n\t\t<div class=\"elementor-element elementor-element-7475df75 e-flex e-con-boxed e-con e-parent\" data-id=\"7475df75\" data-element_type=\"container\" data-e-type=\"container\" id=\"footerlocation\">\n\t\t\t\t\t<div class=\"e-con-inner\">\n\t\t<div class=\"elementor-element elementor-element-d36544b e-con-full e-flex e-con e-child\" data-id=\"d36544b\" data-element_type=\"container\" data-e-type=\"container\">\n\t\t\t\t<div class=\"elementor-element elementor-element-b781eeb elementor-widget elementor-widget-google_maps\" data-id=\"b781eeb\" data-element_type=\"widget\" data-e-type=\"widget\" data-widget_type=\"google_maps.default\">\n\t\t\t\t<div class=\"elementor-widget-container\">\n\t\t\t\t\t\t\t<div class=\"elementor-custom-embed\">\n\t\t\t<iframe loading=\"lazy\"\n\t\t\t\t\tsrc=\"https:\/\/maps.google.com\/maps?q=C%2F%20Valent%C3%ADn%20Sanz%20N%C2%BA%2021%20Planta%204&#038;t=m&#038;z=15&#038;output=embed&#038;iwloc=near\"\n\t\t\t\t\ttitle=\"C\/ Valent\u00edn Sanz N\u00ba 21 Planta 4\"\n\t\t\t\t\taria-label=\"C\/ Valent\u00edn Sanz N\u00ba 21 Planta 4\"\n\t\t\t><\/iframe>\n\t\t<\/div>\n\t\t\t\t\t\t<\/div>\n\t\t\t\t<\/div>\n\t\t\t\t<\/div>\n\t\t<div class=\"elementor-element elementor-element-7adaf843 e-con-full e-flex e-con e-child\" data-id=\"7adaf843\" data-element_type=\"container\" data-e-type=\"container\">\n\t\t\t\t<div class=\"elementor-element elementor-element-49650406 elementor-widget elementor-widget-text-editor\" data-id=\"49650406\" data-element_type=\"widget\" data-e-type=\"widget\" data-widget_type=\"text-editor.default\">\n\t\t\t\t<div class=\"elementor-widget-container\">\n\t\t\t\t\t\t\t\t\t<h5><strong>Wo sind wir?<\/strong><\/h5>\n<p>Wir befinden uns im Herzen von Santa Cruz de Tenerife, in zentraler und leicht zug\u00e4nglicher Lage:<\/p>\n<p><strong>C\/ Valent\u00edn Sanz N\u00ba 21, Piso 4, Santa Cruz de Tenerife<\/strong><\/p>\n<p>Sie k\u00f6nnen Ihre bevorzugte Kartenanwendung f\u00fcr die Wegbeschreibung w\u00e4hlen:<\/p>\n\t\t\t\t\t\t\t\t<\/div>\n\t\t\t\t<\/div>\n\t\t<div class=\"elementor-element elementor-element-5d56045b e-grid e-con-full e-con e-child\" data-id=\"5d56045b\" data-element_type=\"container\" data-e-type=\"container\">\n\t\t\t\t<div class=\"elementor-element elementor-element-28e1044f elementor-widget elementor-widget-image\" data-id=\"28e1044f\" data-element_type=\"widget\" data-e-type=\"widget\" data-widget_type=\"image.default\">\n\t\t\t\t<div class=\"elementor-widget-container\">\n\t\t\t\t\t\t\t\t\t\t\t\t\t\t\t\t<a href=\"https:\/\/www.google.com\/maps\/place\/Calle+Valent\u00edn+Sanz+21,+38002+Santa+Cruz+de+Tenerife,+Espa\u00f1a\">\n\t\t\t\t\t\t\t<img loading=\"lazy\" decoding=\"async\" width=\"1024\" height=\"922\" src=\"https:\/\/lousanja2.selectid.net\/wp-content\/uploads\/2024\/10\/Google_Maps_Logo_2020.svg_-1024x922.webp\" class=\"attachment-large size-large wp-image-875\" alt=\"\" srcset=\"https:\/\/lousanja2.selectid.net\/wp-content\/uploads\/2024\/10\/Google_Maps_Logo_2020.svg_-1024x922.webp 1024w, https:\/\/lousanja2.selectid.net\/wp-content\/uploads\/2024\/10\/Google_Maps_Logo_2020.svg_-300x270.webp 300w, https:\/\/lousanja2.selectid.net\/wp-content\/uploads\/2024\/10\/Google_Maps_Logo_2020.svg_-768x692.webp 768w, https:\/\/lousanja2.selectid.net\/wp-content\/uploads\/2024\/10\/Google_Maps_Logo_2020.svg_-1536x1383.webp 1536w, https:\/\/lousanja2.selectid.net\/wp-content\/uploads\/2024\/10\/Google_Maps_Logo_2020.svg_-2048x1845.webp 2048w\" sizes=\"(max-width: 1024px) 100vw, 1024px\" \/>\t\t\t\t\t\t\t\t<\/a>\n\t\t\t\t\t\t\t\t\t\t\t\t\t\t\t<\/div>\n\t\t\t\t<\/div>\n\t\t\t\t<div class=\"elementor-element elementor-element-55abb286 elementor-widget elementor-widget-image\" data-id=\"55abb286\" data-element_type=\"widget\" data-e-type=\"widget\" data-widget_type=\"image.default\">\n\t\t\t\t<div class=\"elementor-widget-container\">\n\t\t\t\t\t\t\t\t\t\t\t\t\t\t\t\t<a href=\"https:\/\/maps.apple.com\/?address=Calle%20Valent\u00edn%20Sanz%2021,%2038002%20Santa%20Cruz%20de%20Tenerife,%20Espa\u00f1a\">\n\t\t\t\t\t\t\t<img loading=\"lazy\" decoding=\"async\" width=\"1024\" height=\"1024\" src=\"https:\/\/lousanja2.selectid.net\/wp-content\/uploads\/2024\/10\/apple-maps-2021-12-07-1.webp\" class=\"attachment-large size-large wp-image-869\" alt=\"\" srcset=\"https:\/\/lousanja2.selectid.net\/wp-content\/uploads\/2024\/10\/apple-maps-2021-12-07-1.webp 1024w, https:\/\/lousanja2.selectid.net\/wp-content\/uploads\/2024\/10\/apple-maps-2021-12-07-1-300x300.webp 300w, https:\/\/lousanja2.selectid.net\/wp-content\/uploads\/2024\/10\/apple-maps-2021-12-07-1-150x150.webp 150w, https:\/\/lousanja2.selectid.net\/wp-content\/uploads\/2024\/10\/apple-maps-2021-12-07-1-768x768.webp 768w\" sizes=\"(max-width: 1024px) 100vw, 1024px\" \/>\t\t\t\t\t\t\t\t<\/a>\n\t\t\t\t\t\t\t\t\t\t\t\t\t\t\t<\/div>\n\t\t\t\t<\/div>\n\t\t\t\t<\/div>\n\t\t\t\t<\/div>\n\t\t\t\t\t<\/div>\n\t\t\t\t<\/div>\n\t\t\t\t<\/div>\n\t\t","protected":false},"excerpt":{"rendered":"<p>Emotionen, Licht und Raum mit Blick auf den Horizont Wir sind ein Immobilienunternehmen mit Sitz in Santa Cruz de Tenerife, [&hellip;]<\/p>\n","protected":false},"author":1,"featured_media":1282,"parent":0,"menu_order":0,"comment_status":"closed","ping_status":"closed","template":"","meta":{"site-sidebar-layout":"no-sidebar","site-content-layout":"","ast-site-content-layout":"full-width-container","site-content-style":"default","site-sidebar-style":"default","ast-global-header-display":"","ast-banner-title-visibility":"","ast-main-header-display":"","ast-hfb-above-header-display":"","ast-hfb-below-header-display":"","ast-hfb-mobile-header-display":"","site-post-title":"disabled","ast-breadcrumbs-content":"","ast-featured-img":"disabled","footer-sml-layout":"","ast-disable-related-posts":"","theme-transparent-header-meta":"","adv-header-id-meta":"","stick-header-meta":"","header-above-stick-meta":"","header-main-stick-meta":"","header-below-stick-meta":"","astra-migrate-meta-layouts":"default","ast-page-background-enabled":"default","ast-page-background-meta":{"desktop":{"background-color":"var(--ast-global-color-4)","background-image":"","background-repeat":"repeat","background-position":"center center","background-size":"auto","background-attachment":"scroll","background-type":"","background-media":"","overlay-type":"","overlay-color":"","overlay-opacity":"","overlay-gradient":""},"tablet":{"background-color":"","background-image":"","background-repeat":"repeat","background-position":"center center","background-size":"auto","background-attachment":"scroll","background-type":"","background-media":"","overlay-type":"","overlay-color":"","overlay-opacity":"","overlay-gradient":""},"mobile":{"background-color":"","background-image":"","background-repeat":"repeat","background-position":"center center","background-size":"auto","background-attachment":"scroll","background-type":"","background-media":"","overlay-type":"","overlay-color":"","overlay-opacity":"","overlay-gradient":""}},"ast-content-background-meta":{"desktop":{"background-color":"var(--ast-global-color-5)","background-image":"","background-repeat":"repeat","background-position":"center center","background-size":"auto","background-attachment":"scroll","background-type":"","background-media":"","overlay-type":"","overlay-color":"","overlay-opacity":"","overlay-gradient":""},"tablet":{"background-color":"var(--ast-global-color-5)","background-image":"","background-repeat":"repeat","background-position":"center center","background-size":"auto","background-attachment":"scroll","background-type":"","background-media":"","overlay-type":"","overlay-color":"","overlay-opacity":"","overlay-gradient":""},"mobile":{"background-color":"var(--ast-global-color-5)","background-image":"","background-repeat":"repeat","background-position":"center center","background-size":"auto","background-attachment":"scroll","background-type":"","background-media":"","overlay-type":"","overlay-color":"","overlay-opacity":"","overlay-gradient":""}},"footnotes":""},"class_list":["post-572","page","type-page","status-publish","has-post-thumbnail","hentry"],"_links":{"self":[{"href":"https:\/\/lousanja2.selectid.net\/de\/wp-json\/wp\/v2\/pages\/572","targetHints":{"allow":["GET"]}}],"collection":[{"href":"https:\/\/lousanja2.selectid.net\/de\/wp-json\/wp\/v2\/pages"}],"about":[{"href":"https:\/\/lousanja2.selectid.net\/de\/wp-json\/wp\/v2\/types\/page"}],"author":[{"embeddable":true,"href":"https:\/\/lousanja2.selectid.net\/de\/wp-json\/wp\/v2\/users\/1"}],"replies":[{"embeddable":true,"href":"https:\/\/lousanja2.selectid.net\/de\/wp-json\/wp\/v2\/comments?post=572"}],"version-history":[{"count":8,"href":"https:\/\/lousanja2.selectid.net\/de\/wp-json\/wp\/v2\/pages\/572\/revisions"}],"predecessor-version":[{"id":1320,"href":"https:\/\/lousanja2.selectid.net\/de\/wp-json\/wp\/v2\/pages\/572\/revisions\/1320"}],"wp:featuredmedia":[{"embeddable":true,"href":"https:\/\/lousanja2.selectid.net\/de\/wp-json\/wp\/v2\/media\/1282"}],"wp:attachment":[{"href":"https:\/\/lousanja2.selectid.net\/de\/wp-json\/wp\/v2\/media?parent=572"}],"curies":[{"name":"wp","href":"https:\/\/api.w.org\/{rel}","templated":true}]}}