{"id":1201,"date":"2024-11-21T14:22:48","date_gmt":"2024-11-21T14:22:48","guid":{"rendered":"https:\/\/lousanjaproperties.com\/datenschutz\/"},"modified":"2025-02-13T10:24:39","modified_gmt":"2025-02-13T10:24:39","slug":"datenschutz","status":"publish","type":"page","link":"https:\/\/lousanja2.selectid.net\/de\/datenschutz\/","title":{"rendered":"DATENSCHUTZ"},"content":{"rendered":"\n<p><a>Lousanja, S.L.,<\/a> ist besonders sensibilisiert f\u00fcr den Schutz der pers\u00f6nlichen Daten der Nutzer der Dienstleistungen der Website.<\/p>\n\n<p>Mit der vorliegenden Datenschutzerkl\u00e4rung (oder Datenschutzpolitik) informiert Lousanja, S.L. die Nutzer der Website <a>www.lousanjaproperties.com<\/a> \u00fcber die Verwendung der auf der Website gesammelten pers\u00f6nlichen Daten, damit sie frei und freiwillig entscheiden k\u00f6nnen, ob sie die angeforderten Informationen zur Verf\u00fcgung stellen m\u00f6chten.<\/p>\n\n<p>Lousanja, S.L., beh\u00e4lt sich das Recht vor, diese Richtlinie zu \u00e4ndern, um sie an neue Gesetze, juristische Kriterien, Branchenpraktiken oder Interessen des Unternehmens anzupassen. Aus diesem Grund unterliegt dieser Rechtliche Hinweis \u00c4nderungen und Aktualisierungen, so dass die ver\u00f6ffentlichte Version bei jedem Zugriff des Nutzers anders sein kann. Daher muss der Nutzer sie bei jedem Zugriff auf die Website lesen.  <\/p>\n\n<p><strong>ZUST\u00c4NDIG<\/strong><\/p>\n\n<p>Der Verantwortliche f\u00fcr die Verarbeitung der personenbezogenen Daten ist Lousanja, S.L., mit der Anschrift f\u00fcr diese Zwecke <a>C\/ Doctor P\u00e9rez Camacho, 4 \u00b7 38006 SC de Tenerife<\/a><\/p>\n\n<p>Email: <a>lousanja@protecciondedatos.info<\/a><\/p>\n\n<p><strong>ZWECK DER VERARBEITUNG<\/strong><\/p>\n\n<p>Lousanja, S.L. verarbeitet die von den Nutzern zur Verf\u00fcgung gestellten Daten, um die von ihnen gestellten Anfragen zu bearbeiten.<\/p>\n\n<p><strong>GRUNDS\u00c4TZE DER ANWENDUNG AUF DIE DATENVERARBEITUNG<\/strong><\/p>\n\n<p>F\u00fcr die Verarbeitung personenbezogener Daten gelten die folgenden Grunds\u00e4tze:<\/p>\n\n<ul class=\"wp-block-list\">\n<li>Los datos personales deben ser tratados de forma l\u00edcita, leal y transparente.<\/li>\n\n\n\n<li>Los datos personales deben ser recogidos con fines determinados expl\u00edcitos y leg\u00edtimos.<\/li>\n\n\n\n<li>Los datos personales deben ser adecuados, pertinentes y limitados a lo necesario en relaci\u00f3n con el tratamiento.<\/li>\n\n\n\n<li>Los datos personales deben ser exactos y estar siempre actualizados.<\/li>\n\n\n\n<li>Los datos personales deben mantenerse de forma que se permita la identificaci\u00f3n de los\/las interesados\/as durante no m\u00e1s tiempo del necesario para los fines del tratamiento.<\/li>\n\n\n\n<li>Los datos personales deben ser tratados de tal manera que se garantice su seguridad.<\/li>\n<\/ul>\n\n<p><strong>LEGITIMACI\u00d3N PARA EL TRATAMIENTO DE LOS DATOS<\/strong><\/p>\n\n<p>Lousanja, S.L. est\u00e1 legitimado al tratamiento de datos personales, en base al consentimiento otorgado por el\/la interesado\/a mediante la firma o aceptaci\u00f3n de los pertinentes formularios y\/o documentos, para uno o varios fines espec\u00edficos.<\/p>\n\n<p><strong>COMUNICACIONES DE DATOS &#8211; DESTINATARIOS<\/strong><\/p>\n\n<p>No habr\u00e1 cesi\u00f3n de datos personales a terceros\/as, salvo obligaci\u00f3n legal o previa autorizaci\u00f3n del interesado\/a consintiendo de forma clara, inequ\u00edvoca y expresa. No habr\u00e1 transferencias internacionales de datos. <\/p>\n\n<p>En todo caso, se comunicar\u00e1n o ceder\u00e1n datos bajo petici\u00f3n, a:<\/p>\n\n<ul class=\"wp-block-list\">\n<li>\u00d3rganos jurisdiccionales.<\/li>\n\n\n\n<li>Administracion General del Estado, de las Comunidades Aut\u00f3nomas, Local e Instituciones de car\u00e1cter p\u00fablico competentes, para el ejercicio de competencias similares o cuando as\u00ed lo establezca una ley.<\/li>\n\n\n\n<li>Entidades p\u00fablicas que le vengan impuestas en norma de ley.<\/li>\n\n\n\n<li>Cualquier otra que resulte de la normativa vigente.<\/li>\n<\/ul>\n\n<p><strong>PLAZO DE CONSERVACI\u00d3N<\/strong><\/p>\n\n<p>Dependiendo la tipolog\u00eda de datos objeto de tratamiento, con car\u00e1cter enunciativo y no limitativo, los datos personales proporcionados se conservar\u00e1n durante el plazo correspondiente para cumplir con las obligaciones legales, mientras no se oponga al tratamiento o revoque el consentimiento:<\/p>\n\n<ul class=\"wp-block-list\">\n<li>Una vez extinguida la relaci\u00f3n contractual y\/o profesional, los mantendremos bloqueados durante los plazos de prescripci\u00f3n legal.<\/li>\n<\/ul>\n\n<p><strong>EXACTITUD DE LOS DATOS<\/strong><\/p>\n\n<p>Por otro lado, con el fin de que los datos obrantes en nuestros registros y ficheros, inform\u00e1ticos y\/o en papel, siempre correspondan, se tratar\u00e1 de mantener actualizados. De manera que, a estos efectos, el\/la interesado\/a deber\u00e1 comunicar cualquier cambio y\/o modificaci\u00f3n a Lousanja, S.L.. <\/p>\n\n<p><strong>DESTINATARIOS<\/strong><\/p>\n\n<p>Los datos personales no ser\u00e1n cedidos o comunicados a terceros\/as, salvo en los supuestos necesarios para el desarrollo, control y cumplimiento de la\/s finalidad\/es expresada\/s, en los supuestos previstos, seg\u00fan Ley.<\/p>\n\n<p><strong>DERECHOS DE LOS USUARIOS<\/strong><\/p>\n\n<p>No obstante, el\/la interesado\/a de los datos personales en todo caso podr\u00e1 ejercitar los derechos que le asisten, de acuerdo con el Reglamento General de Protecci\u00f3n de Datos, y que son:<\/p>\n\n<ul class=\"wp-block-list\">\n<li><strong>Derecho de Informaci\u00f3n<\/strong>: tiene derecho a ser informado de forma clara ANTES de que sus datos sean recogidos y\/o recabados, sobre aquellos que ser\u00e1n tratados, con qu\u00e9 finalidad se tratan, donde se han obtenido y\/o recabados y las posibles comunicaciones.<\/li>\n\n\n\n<li><strong>Derecho de Acceso<\/strong>: para conocer qu\u00e9 datos est\u00e1n siendo tratados, con qu\u00e9 finalidad se tratan, donde se han obtenido y\/o recabados y las posibles comunicaciones.<\/li>\n\n\n\n<li><strong>Derecho de Rectificaci\u00f3n<\/strong>: para modificar aquellos datos inexactos o incompletos.<\/li>\n\n\n\n<li><strong>Derecho de Cancelaci\u00f3n<\/strong>: para cancelar datos inadecuados o excesivos.<\/li>\n\n\n\n<li><strong>Derecho de Oposici\u00f3n<\/strong>: para evitar que se traten datos o que dejen de tratarse, aunque s\u00f3lo en los supuestos que establece la ley.<\/li>\n\n\n\n<li><strong>Derecho de Limitaci\u00f3n de Tratamiento<\/strong>: para solicitar que se suspenda el tratamiento de datos en los supuestos que establece la ley.<\/li>\n\n\n\n<li><strong>Derecho a la Portabilidad de los Datos<\/strong>: para poder recibir datos facilitados en un formato electr\u00f3nico estructurado y de uso habitual y poder transmitirlos a otro responsable.<\/li>\n\n\n\n<li><strong>Derecho a no ser Objeto de Decisiones Individualizadas<\/strong>: con el fin de que no se tome una decisi\u00f3n sobre sus datos, que produzca efectos jur\u00eddicos o afecte al interesado\/a, basada solo en el tratamiento.<\/li>\n<\/ul>\n\n<p>El\/La interesado\/a podr\u00e1 ejercitar tales derechos mediante solicitud acompa\u00f1ada de una fotocopia de su DNI, <strong>por correo postal<\/strong> a la direcci\u00f3n: <a>C\/ Doctor P\u00e9rez Camacho, 4 \u00b7 38006 SC de Tenerife<\/a> o al <strong>correo electr\u00f3nico: <\/strong>lousanja@protecciondedatos.info<\/p>\n\n<p>En caso de considerar vulnerado su derecho a la protecci\u00f3n de datos personales, podr\u00e1 interponer una reclamaci\u00f3n (Tutela de derechos) ante la Agencia Espa\u00f1ola de Protecci\u00f3n de Datos (<a href=\"http:\/\/www.agpd.es\">www.agpd.es<\/a>).<\/p>\n\n<p><strong>MEDIDAS DE SEGURIDAD<\/strong><\/p>\n\n<p>Finalmente se informa que Lousanja, S.L., adoptar\u00e1 en su sistema de informaci\u00f3n las medidas t\u00e9cnicas y organizativas adecuadas, dando cumplimiento al principio de responsabilidad proactiva, a fin de garantizar la seguridad y confidencialidad de los datos almacenados, evitando as\u00ed, su alteraci\u00f3n, p\u00e9rdida, tratamiento o acceso no autorizado; teniendo en cuenta el estado de la t\u00e9cnica, los costes de aplicaci\u00f3n, y la naturaleza, el alcance, el contexto y los fines del tratamiento, as\u00ed como riesgos de probabilidad y gravedad variables asociadas a cada uno de los tratamientos.<\/p>\n\n<p><strong>MAS INFORMACI\u00d3N EN EL TRATAMIENTO DE DATOS<\/strong><\/p>\n\n<p>Si tiene alguna pregunta sobre esta Pol\u00edtica de Privacidad, rogamos que se ponga en contacto enviando un email a lousanja@protecciondedatos.info<\/p>\n\n<p>Puede consultar la informaci\u00f3n adicional y detallada sobre Protecci\u00f3n de Datos en nuestra p\u00e1gina web: <a>http:\/\/lousanja.avisolegal.info<\/a><\/p>\n\n<p>Puede consultar la NORMATIVA VIGENTE DE PROTECCI\u00d3N DE DATOS PERSONALES en: <a href=\"http:\/\/normativa.avisolegal.info\">http:\/\/normativa.avisolegal.info<\/a>.<\/p>\n","protected":false},"excerpt":{"rendered":"<p>Lousanja, S.L., ist besonders sensibilisiert f\u00fcr den Schutz der pers\u00f6nlichen Daten der Nutzer der Dienstleistungen der Website. Mit der vorliegenden [&hellip;]<\/p>\n","protected":false},"author":1,"featured_media":0,"parent":0,"menu_order":0,"comment_status":"closed","ping_status":"closed","template":"","meta":{"site-sidebar-layout":"default","site-content-layout":"","ast-site-content-layout":"default","site-content-style":"default","site-sidebar-style":"default","ast-global-header-display":"","ast-banner-title-visibility":"","ast-main-header-display":"","ast-hfb-above-header-display":"","ast-hfb-below-header-display":"","ast-hfb-mobile-header-display":"","site-post-title":"","ast-breadcrumbs-content":"","ast-featured-img":"","footer-sml-layout":"","ast-disable-related-posts":"","theme-transparent-header-meta":"disabled","adv-header-id-meta":"","stick-header-meta":"","header-above-stick-meta":"","header-main-stick-meta":"","header-below-stick-meta":"","astra-migrate-meta-layouts":"default","ast-page-background-enabled":"default","ast-page-background-meta":{"desktop":{"background-color":"var(--ast-global-color-4)","background-image":"","background-repeat":"repeat","background-position":"center center","background-size":"auto","background-attachment":"scroll","background-type":"","background-media":"","overlay-type":"","overlay-color":"","overlay-opacity":"","overlay-gradient":""},"tablet":{"background-color":"","background-image":"","background-repeat":"repeat","background-position":"center center","background-size":"auto","background-attachment":"scroll","background-type":"","background-media":"","overlay-type":"","overlay-color":"","overlay-opacity":"","overlay-gradient":""},"mobile":{"background-color":"","background-image":"","background-repeat":"repeat","background-position":"center center","background-size":"auto","background-attachment":"scroll","background-type":"","background-media":"","overlay-type":"","overlay-color":"","overlay-opacity":"","overlay-gradient":""}},"ast-content-background-meta":{"desktop":{"background-color":"var(--ast-global-color-5)","background-image":"","background-repeat":"repeat","background-position":"center center","background-size":"auto","background-attachment":"scroll","background-type":"","background-media":"","overlay-type":"","overlay-color":"","overlay-opacity":"","overlay-gradient":""},"tablet":{"background-color":"var(--ast-global-color-5)","background-image":"","background-repeat":"repeat","background-position":"center center","background-size":"auto","background-attachment":"scroll","background-type":"","background-media":"","overlay-type":"","overlay-color":"","overlay-opacity":"","overlay-gradient":""},"mobile":{"background-color":"var(--ast-global-color-5)","background-image":"","background-repeat":"repeat","background-position":"center center","background-size":"auto","background-attachment":"scroll","background-type":"","background-media":"","overlay-type":"","overlay-color":"","overlay-opacity":"","overlay-gradient":""}},"footnotes":""},"class_list":["post-1201","page","type-page","status-publish","hentry"],"_links":{"self":[{"href":"https:\/\/lousanja2.selectid.net\/de\/wp-json\/wp\/v2\/pages\/1201","targetHints":{"allow":["GET"]}}],"collection":[{"href":"https:\/\/lousanja2.selectid.net\/de\/wp-json\/wp\/v2\/pages"}],"about":[{"href":"https:\/\/lousanja2.selectid.net\/de\/wp-json\/wp\/v2\/types\/page"}],"author":[{"embeddable":true,"href":"https:\/\/lousanja2.selectid.net\/de\/wp-json\/wp\/v2\/users\/1"}],"replies":[{"embeddable":true,"href":"https:\/\/lousanja2.selectid.net\/de\/wp-json\/wp\/v2\/comments?post=1201"}],"version-history":[{"count":1,"href":"https:\/\/lousanja2.selectid.net\/de\/wp-json\/wp\/v2\/pages\/1201\/revisions"}],"predecessor-version":[{"id":1202,"href":"https:\/\/lousanja2.selectid.net\/de\/wp-json\/wp\/v2\/pages\/1201\/revisions\/1202"}],"wp:attachment":[{"href":"https:\/\/lousanja2.selectid.net\/de\/wp-json\/wp\/v2\/media?parent=1201"}],"curies":[{"name":"wp","href":"https:\/\/api.w.org\/{rel}","templated":true}]}}